{"id":542,"date":"2019-10-28T15:04:20","date_gmt":"2019-10-28T19:04:20","guid":{"rendered":"https:\/\/maltraitancedesaines.com\/a-propos\/nous-joindre\/"},"modified":"2020-02-04T16:08:08","modified_gmt":"2020-02-04T21:08:08","slug":"contact-us","status":"publish","type":"page","link":"https:\/\/maltraitancedesaines.com\/en\/about-us\/contact-us\/","title":{"rendered":"Contact us"},"content":{"rendered":"<p>Research Chair on Mistreatment of Older Adults<\/p>\n<p>Research Centre on Aging \u2013 CIUSSS de l&#8217;Estrie &#8211; CHUS<\/p>\n<p>1036, Belv\u00e9d\u00e8re Sud<br \/>\nSherbrooke (Qu\u00e9bec)<br \/>\nJ1H 4C4<br \/>\nCANADA<\/p>\n<p>Telephone\u00a0: 1 819 780-2220, extension 45621<\/p>\n<p><a class=\"l-btn__rose bold small\" title=\"info@maltraitancedesaines.com\" href=\"mailto:info@maltraitancedesaines.com\">Write to us<\/a><\/p>\n","protected":false},"excerpt":{"rendered":"Research Chair on Mistreatment of Older Adults Research Centre on Aging \u2013 CIUSSS de l&#8217;Estrie &#8211; CHUS 1036, Belv\u00e9d\u00e8re Sud Sherbrooke (Qu\u00e9bec) J1H 4C4 CANADA Telephone\u00a0: 1 819 780-2220, extension 45621 Write to us","protected":false},"author":1,"featured_media":393,"parent":535,"menu_order":3,"comment_status":"closed","ping_status":"closed","template":"","meta":{"_acf_changed":false,"inline_featured_image":false,"footnotes":""},"class_list":["post-542","page","type-page","status-publish","has-post-thumbnail","hentry"],"acf":[],"yoast_head":"<!-- This site is optimized with the Yoast SEO plugin v27.4 - https:\/\/yoast.com\/product\/yoast-seo-wordpress\/ -->\n<title>Contact us &#8211; Research Chair on Mistreatment of Older Adults<\/title>\n<meta name=\"robots\" content=\"index, follow, max-snippet:-1, max-image-preview:large, max-video-preview:-1\" \/>\n<link rel=\"canonical\" href=\"https:\/\/maltraitancedesaines.com\/en\/about-us\/contact-us\/\" \/>\n<meta property=\"og:locale\" content=\"en_US\" \/>\n<meta property=\"og:type\" content=\"article\" \/>\n<meta property=\"og:title\" content=\"Contact us &#8211; Research Chair on Mistreatment of Older Adults\" \/>\n<meta property=\"og:description\" content=\"Research Chair on Mistreatment of Older Adults Research Centre on Aging \u2013 CIUSSS de l&#8217;Estrie &#8211; CHUS 1036, Belv\u00e9d\u00e8re Sud Sherbrooke (Qu\u00e9bec) J1H 4C4 CANADA Telephone\u00a0: 1 819 780-2220, extension 45621 Write to us\" \/>\n<meta property=\"og:url\" content=\"https:\/\/maltraitancedesaines.com\/en\/about-us\/contact-us\/\" \/>\n<meta property=\"og:site_name\" content=\"Research Chair on Mistreatment of Older Adults\" \/>\n<meta property=\"article:modified_time\" content=\"2020-02-04T21:08:08+00:00\" \/>\n<meta property=\"og:image\" content=\"https:\/\/maltraitancedesaines.com\/wp-content\/uploads\/2019\/10\/header-veille.jpg\" \/>\n\t<meta property=\"og:image:width\" content=\"2880\" \/>\n\t<meta property=\"og:image:height\" content=\"540\" \/>\n\t<meta property=\"og:image:type\" content=\"image\/jpeg\" \/>\n<meta name=\"twitter:card\" content=\"summary_large_image\" \/>\n<script type=\"application\/ld+json\" class=\"yoast-schema-graph\">{\"@context\":\"https:\\\/\\\/schema.org\",\"@graph\":[{\"@type\":\"WebPage\",\"@id\":\"https:\\\/\\\/maltraitancedesaines.com\\\/en\\\/about-us\\\/contact-us\\\/\",\"url\":\"https:\\\/\\\/maltraitancedesaines.com\\\/en\\\/about-us\\\/contact-us\\\/\",\"name\":\"Contact us &#8211; Research Chair on Mistreatment of Older Adults\",\"isPartOf\":{\"@id\":\"https:\\\/\\\/maltraitancedesaines.com\\\/en\\\/#website\"},\"primaryImageOfPage\":{\"@id\":\"https:\\\/\\\/maltraitancedesaines.com\\\/en\\\/about-us\\\/contact-us\\\/#primaryimage\"},\"image\":{\"@id\":\"https:\\\/\\\/maltraitancedesaines.com\\\/en\\\/about-us\\\/contact-us\\\/#primaryimage\"},\"thumbnailUrl\":\"https:\\\/\\\/maltraitancedesaines.com\\\/wp-content\\\/uploads\\\/2019\\\/10\\\/header-veille.jpg\",\"datePublished\":\"2019-10-28T19:04:20+00:00\",\"dateModified\":\"2020-02-04T21:08:08+00:00\",\"breadcrumb\":{\"@id\":\"https:\\\/\\\/maltraitancedesaines.com\\\/en\\\/about-us\\\/contact-us\\\/#breadcrumb\"},\"inLanguage\":\"en-US\",\"potentialAction\":[{\"@type\":\"ReadAction\",\"target\":[\"https:\\\/\\\/maltraitancedesaines.com\\\/en\\\/about-us\\\/contact-us\\\/\"]}]},{\"@type\":\"ImageObject\",\"inLanguage\":\"en-US\",\"@id\":\"https:\\\/\\\/maltraitancedesaines.com\\\/en\\\/about-us\\\/contact-us\\\/#primaryimage\",\"url\":\"https:\\\/\\\/maltraitancedesaines.com\\\/wp-content\\\/uploads\\\/2019\\\/10\\\/header-veille.jpg\",\"contentUrl\":\"https:\\\/\\\/maltraitancedesaines.com\\\/wp-content\\\/uploads\\\/2019\\\/10\\\/header-veille.jpg\",\"width\":2880,\"height\":540},{\"@type\":\"BreadcrumbList\",\"@id\":\"https:\\\/\\\/maltraitancedesaines.com\\\/en\\\/about-us\\\/contact-us\\\/#breadcrumb\",\"itemListElement\":[{\"@type\":\"ListItem\",\"position\":1,\"name\":\"Accueil\",\"item\":\"https:\\\/\\\/maltraitancedesaines.com\\\/en\\\/\"},{\"@type\":\"ListItem\",\"position\":2,\"name\":\"About us\",\"item\":\"https:\\\/\\\/maltraitancedesaines.com\\\/en\\\/about-us\\\/\"},{\"@type\":\"ListItem\",\"position\":3,\"name\":\"Contact us\"}]},{\"@type\":\"WebSite\",\"@id\":\"https:\\\/\\\/maltraitancedesaines.com\\\/en\\\/#website\",\"url\":\"https:\\\/\\\/maltraitancedesaines.com\\\/en\\\/\",\"name\":\"Research Chair on Mistreatment of Older Adults\",\"description\":\"Centre de recherche sur le vieillissement \u2013 CIUSSS de l&#039;Estrie - CHUS\",\"publisher\":{\"@id\":\"https:\\\/\\\/maltraitancedesaines.com\\\/en\\\/#organization\"},\"potentialAction\":[{\"@type\":\"SearchAction\",\"target\":{\"@type\":\"EntryPoint\",\"urlTemplate\":\"https:\\\/\\\/maltraitancedesaines.com\\\/en\\\/?s={search_term_string}\"},\"query-input\":{\"@type\":\"PropertyValueSpecification\",\"valueRequired\":true,\"valueName\":\"search_term_string\"}}],\"inLanguage\":\"en-US\"},{\"@type\":\"Organization\",\"@id\":\"https:\\\/\\\/maltraitancedesaines.com\\\/en\\\/#organization\",\"name\":\"Chaire de recherche sur la maltraitance envers les personnes a\u00een\u00e9es\",\"url\":\"https:\\\/\\\/maltraitancedesaines.com\\\/en\\\/\",\"logo\":{\"@type\":\"ImageObject\",\"inLanguage\":\"en-US\",\"@id\":\"https:\\\/\\\/maltraitancedesaines.com\\\/en\\\/#\\\/schema\\\/logo\\\/image\\\/\",\"url\":\"https:\\\/\\\/maltraitancedesaines.com\\\/wp-content\\\/uploads\\\/2020\\\/02\\\/favicon.png\",\"contentUrl\":\"https:\\\/\\\/maltraitancedesaines.com\\\/wp-content\\\/uploads\\\/2020\\\/02\\\/favicon.png\",\"width\":512,\"height\":512,\"caption\":\"Chaire de recherche sur la maltraitance envers les personnes a\u00een\u00e9es\"},\"image\":{\"@id\":\"https:\\\/\\\/maltraitancedesaines.com\\\/en\\\/#\\\/schema\\\/logo\\\/image\\\/\"},\"sameAs\":[\"https:\\\/\\\/www.linkedin.com\\\/in\\\/marie-beaulieu-452a5a24\\\/\",\"https:\\\/\\\/www.youtube.com\\\/channel\\\/UCeqDqczoHgchC2SO9GbzakQ\"]}]}<\/script>\n<!-- \/ Yoast SEO plugin. -->","yoast_head_json":{"title":"Contact us &#8211; Research Chair on Mistreatment of Older Adults","robots":{"index":"index","follow":"follow","max-snippet":"max-snippet:-1","max-image-preview":"max-image-preview:large","max-video-preview":"max-video-preview:-1"},"canonical":"https:\/\/maltraitancedesaines.com\/en\/about-us\/contact-us\/","og_locale":"en_US","og_type":"article","og_title":"Contact us &#8211; Research Chair on Mistreatment of Older Adults","og_description":"Research Chair on Mistreatment of Older Adults Research Centre on Aging \u2013 CIUSSS de l&#8217;Estrie &#8211; CHUS 1036, Belv\u00e9d\u00e8re Sud Sherbrooke (Qu\u00e9bec) J1H 4C4 CANADA Telephone\u00a0: 1 819 780-2220, extension 45621 Write to us","og_url":"https:\/\/maltraitancedesaines.com\/en\/about-us\/contact-us\/","og_site_name":"Research Chair on Mistreatment of Older Adults","article_modified_time":"2020-02-04T21:08:08+00:00","og_image":[{"width":2880,"height":540,"url":"https:\/\/maltraitancedesaines.com\/wp-content\/uploads\/2019\/10\/header-veille.jpg","type":"image\/jpeg"}],"twitter_card":"summary_large_image","schema":{"@context":"https:\/\/schema.org","@graph":[{"@type":"WebPage","@id":"https:\/\/maltraitancedesaines.com\/en\/about-us\/contact-us\/","url":"https:\/\/maltraitancedesaines.com\/en\/about-us\/contact-us\/","name":"Contact us &#8211; Research Chair on Mistreatment of Older Adults","isPartOf":{"@id":"https:\/\/maltraitancedesaines.com\/en\/#website"},"primaryImageOfPage":{"@id":"https:\/\/maltraitancedesaines.com\/en\/about-us\/contact-us\/#primaryimage"},"image":{"@id":"https:\/\/maltraitancedesaines.com\/en\/about-us\/contact-us\/#primaryimage"},"thumbnailUrl":"https:\/\/maltraitancedesaines.com\/wp-content\/uploads\/2019\/10\/header-veille.jpg","datePublished":"2019-10-28T19:04:20+00:00","dateModified":"2020-02-04T21:08:08+00:00","breadcrumb":{"@id":"https:\/\/maltraitancedesaines.com\/en\/about-us\/contact-us\/#breadcrumb"},"inLanguage":"en-US","potentialAction":[{"@type":"ReadAction","target":["https:\/\/maltraitancedesaines.com\/en\/about-us\/contact-us\/"]}]},{"@type":"ImageObject","inLanguage":"en-US","@id":"https:\/\/maltraitancedesaines.com\/en\/about-us\/contact-us\/#primaryimage","url":"https:\/\/maltraitancedesaines.com\/wp-content\/uploads\/2019\/10\/header-veille.jpg","contentUrl":"https:\/\/maltraitancedesaines.com\/wp-content\/uploads\/2019\/10\/header-veille.jpg","width":2880,"height":540},{"@type":"BreadcrumbList","@id":"https:\/\/maltraitancedesaines.com\/en\/about-us\/contact-us\/#breadcrumb","itemListElement":[{"@type":"ListItem","position":1,"name":"Accueil","item":"https:\/\/maltraitancedesaines.com\/en\/"},{"@type":"ListItem","position":2,"name":"About us","item":"https:\/\/maltraitancedesaines.com\/en\/about-us\/"},{"@type":"ListItem","position":3,"name":"Contact us"}]},{"@type":"WebSite","@id":"https:\/\/maltraitancedesaines.com\/en\/#website","url":"https:\/\/maltraitancedesaines.com\/en\/","name":"Research Chair on Mistreatment of Older Adults","description":"Centre de recherche sur le vieillissement \u2013 CIUSSS de l&#039;Estrie - CHUS","publisher":{"@id":"https:\/\/maltraitancedesaines.com\/en\/#organization"},"potentialAction":[{"@type":"SearchAction","target":{"@type":"EntryPoint","urlTemplate":"https:\/\/maltraitancedesaines.com\/en\/?s={search_term_string}"},"query-input":{"@type":"PropertyValueSpecification","valueRequired":true,"valueName":"search_term_string"}}],"inLanguage":"en-US"},{"@type":"Organization","@id":"https:\/\/maltraitancedesaines.com\/en\/#organization","name":"Chaire de recherche sur la maltraitance envers les personnes a\u00een\u00e9es","url":"https:\/\/maltraitancedesaines.com\/en\/","logo":{"@type":"ImageObject","inLanguage":"en-US","@id":"https:\/\/maltraitancedesaines.com\/en\/#\/schema\/logo\/image\/","url":"https:\/\/maltraitancedesaines.com\/wp-content\/uploads\/2020\/02\/favicon.png","contentUrl":"https:\/\/maltraitancedesaines.com\/wp-content\/uploads\/2020\/02\/favicon.png","width":512,"height":512,"caption":"Chaire de recherche sur la maltraitance envers les personnes a\u00een\u00e9es"},"image":{"@id":"https:\/\/maltraitancedesaines.com\/en\/#\/schema\/logo\/image\/"},"sameAs":["https:\/\/www.linkedin.com\/in\/marie-beaulieu-452a5a24\/","https:\/\/www.youtube.com\/channel\/UCeqDqczoHgchC2SO9GbzakQ"]}]}},"_links":{"self":[{"href":"https:\/\/maltraitancedesaines.com\/en\/wp-json\/wp\/v2\/pages\/542","targetHints":{"allow":["GET"]}}],"collection":[{"href":"https:\/\/maltraitancedesaines.com\/en\/wp-json\/wp\/v2\/pages"}],"about":[{"href":"https:\/\/maltraitancedesaines.com\/en\/wp-json\/wp\/v2\/types\/page"}],"author":[{"embeddable":true,"href":"https:\/\/maltraitancedesaines.com\/en\/wp-json\/wp\/v2\/users\/1"}],"replies":[{"embeddable":true,"href":"https:\/\/maltraitancedesaines.com\/en\/wp-json\/wp\/v2\/comments?post=542"}],"version-history":[{"count":0,"href":"https:\/\/maltraitancedesaines.com\/en\/wp-json\/wp\/v2\/pages\/542\/revisions"}],"up":[{"embeddable":true,"href":"https:\/\/maltraitancedesaines.com\/en\/wp-json\/wp\/v2\/pages\/535"}],"wp:featuredmedia":[{"embeddable":true,"href":"https:\/\/maltraitancedesaines.com\/en\/wp-json\/wp\/v2\/media\/393"}],"wp:attachment":[{"href":"https:\/\/maltraitancedesaines.com\/en\/wp-json\/wp\/v2\/media?parent=542"}],"curies":[{"name":"wp","href":"https:\/\/api.w.org\/{rel}","templated":true}]}}